{"id":16650,"date":"2020-02-24T22:15:15","date_gmt":"2020-02-24T22:15:15","guid":{"rendered":"https:\/\/demo01.houzez.co\/?page_id=16650"},"modified":"2025-12-11T11:55:56","modified_gmt":"2025-12-11T11:55:56","slug":"about","status":"publish","type":"page","link":"https:\/\/adpmrealestate.com\/fr\/about\/","title":{"rendered":"A PROPOS"},"content":{"rendered":"<div data-elementor-type=\"wp-page\" data-elementor-id=\"16650\" class=\"elementor elementor-16650\">\n\t\t\t\t\t\t<section class=\"elementor-section elementor-top-section elementor-element elementor-element-5b81e21 elementor-section-height-min-height animated-slow elementor-section-boxed elementor-section-height-default elementor-section-items-middle elementor-invisible\" data-id=\"5b81e21\" data-element_type=\"section\" data-settings=\"{&quot;background_background&quot;:&quot;classic&quot;,&quot;animation&quot;:&quot;fadeIn&quot;}\">\n\t\t\t\t\t\t\t<div class=\"elementor-background-overlay\"><\/div>\n\t\t\t\t\t\t\t<div class=\"elementor-container elementor-column-gap-default\">\n\t\t\t\t\t<div class=\"elementor-column elementor-col-100 elementor-top-column elementor-element elementor-element-ad367f8\" data-id=\"ad367f8\" data-element_type=\"column\">\n\t\t\t<div class=\"elementor-widget-wrap elementor-element-populated\">\n\t\t\t\t\t\t<div class=\"elementor-element elementor-element-0e7939f elementor-widget elementor-widget-heading\" data-id=\"0e7939f\" data-element_type=\"widget\" data-widget_type=\"heading.default\">\n\t\t\t\t\t<h1 class=\"elementor-heading-title elementor-size-default\">A PROPOS<\/h1>\t\t\t\t<\/div>\n\t\t\t\t\t<\/div>\n\t\t<\/div>\n\t\t\t\t\t<\/div>\n\t\t<\/section>\n\t\t\t\t<section class=\"elementor-section elementor-top-section elementor-element elementor-element-09038dc elementor-section-boxed elementor-section-height-default elementor-section-height-default\" data-id=\"09038dc\" data-element_type=\"section\" data-settings=\"{&quot;background_background&quot;:&quot;classic&quot;}\">\n\t\t\t\t\t\t<div class=\"elementor-container elementor-column-gap-default\">\n\t\t\t\t\t<div class=\"elementor-column elementor-col-100 elementor-top-column elementor-element elementor-element-c8278ac\" data-id=\"c8278ac\" data-element_type=\"column\">\n\t\t\t<div class=\"elementor-widget-wrap elementor-element-populated\">\n\t\t\t\t\t\t<div class=\"elementor-element elementor-element-3271868 elementor-widget elementor-widget-spacer\" data-id=\"3271868\" data-element_type=\"widget\" data-widget_type=\"spacer.default\">\n\t\t\t\t\t\t\t<div class=\"elementor-spacer\">\n\t\t\t<div class=\"elementor-spacer-inner\"><\/div>\n\t\t<\/div>\n\t\t\t\t\t\t<\/div>\n\t\t\t\t<div class=\"elementor-element elementor-element-e7372b6 animated-slow elementor-invisible elementor-widget elementor-widget-houzez_elementor_section_title\" data-id=\"e7372b6\" data-element_type=\"widget\" data-settings=\"{&quot;_animation&quot;:&quot;fadeIn&quot;}\" data-widget_type=\"houzez_elementor_section_title.default\">\n\t\t\t\t<div class=\"elementor-widget-container\">\n\t\t\t\t\t            <div class=\"houzez_section_title_wrap section-title-module\">\n                                    <h2 class=\"houzez_section_title\">B\u00e2tir la Nation commence par b\u00e2tir votre maison.\n<\/h2>\n                \n                            <\/div>\n            \t\t\t\t<\/div>\n\t\t\t\t<\/div>\n\t\t\t\t<div class=\"elementor-element elementor-element-69fe9b8 elementor-widget elementor-widget-text-editor\" data-id=\"69fe9b8\" data-element_type=\"widget\" data-widget_type=\"text-editor.default\">\n\t\t\t\t\t\t\t\t\t<p data-start=\"110\" data-end=\"431\"><strong>ADPM Real Estate <\/strong>est une agence immobili\u00e8re innovante au Cameroun, sp\u00e9cialis\u00e9e dans la gestion de biens, les transactions immobili\u00e8res et l\u2019accompagnement de la diaspora africaine. Gr\u00e2ce \u00e0 notre approche moderne, nous offrons une plateforme fluide, esth\u00e9tique et facile d\u2019utilisation, con\u00e7ue pour r\u00e9pondre aux besoins des propri\u00e9taires, acheteurs, locataires et investisseurs.<\/p><p data-start=\"433\" data-end=\"700\">Que vous soyez un particulier \u00e0 la recherche d\u2019un logement \u00e0 <strong>Douala, Yaound\u00e9, or Kribi,<\/strong> or you&#8217;re an investor building your real estate portfolio, <strong>ADPM vous accompagne \u00e0 chaque \u00e9tape<\/strong>. Notre syst\u00e8me vous permet de visualiser, g\u00e9rer et soumettre des biens en toute simplicit\u00e9.<\/p><p data-start=\"702\" data-end=\"847\">Contrairement \u00e0 d'autres plateformes limit\u00e9es, ADPM vous donne <strong>complete freedom to customize and control your listings<\/strong> through a clean, intuitive interface.<\/p><p data-start=\"849\" data-end=\"952\"><strong>Faites confiance \u00e0 ADPM Real Estate \u2014 votre passerelle vers un immobilier s\u00fbr, accessible et transparent au Cameroun<\/strong><\/p>\t\t\t\t\t\t\t\t<\/div>\n\t\t\t\t<div class=\"elementor-element elementor-element-89a95a6 elementor-widget elementor-widget-spacer\" data-id=\"89a95a6\" data-element_type=\"widget\" data-widget_type=\"spacer.default\">\n\t\t\t\t\t\t\t<div class=\"elementor-spacer\">\n\t\t\t<div class=\"elementor-spacer-inner\"><\/div>\n\t\t<\/div>\n\t\t\t\t\t\t<\/div>\n\t\t\t\t\t<\/div>\n\t\t<\/div>\n\t\t\t\t\t<\/div>\n\t\t<\/section>\n\t\t\t\t<section class=\"elementor-section elementor-top-section elementor-element elementor-element-7de1bca elementor-section-boxed elementor-section-height-default elementor-section-height-default\" data-id=\"7de1bca\" data-element_type=\"section\">\n\t\t\t\t\t\t<div class=\"elementor-container elementor-column-gap-default\">\n\t\t\t\t\t<div class=\"elementor-column elementor-col-100 elementor-top-column elementor-element elementor-element-b896568\" data-id=\"b896568\" data-element_type=\"column\">\n\t\t\t<div class=\"elementor-widget-wrap elementor-element-populated\">\n\t\t\t\t\t\t<div class=\"elementor-element elementor-element-d1842fc elementor-widget elementor-widget-spacer\" data-id=\"d1842fc\" data-element_type=\"widget\" data-widget_type=\"spacer.default\">\n\t\t\t\t\t\t\t<div class=\"elementor-spacer\">\n\t\t\t<div class=\"elementor-spacer-inner\"><\/div>\n\t\t<\/div>\n\t\t\t\t\t\t<\/div>\n\t\t\t\t<div class=\"elementor-element elementor-element-d8431e2 animated-slow elementor-invisible elementor-widget elementor-widget-houzez_elementor_section_title\" data-id=\"d8431e2\" data-element_type=\"widget\" data-settings=\"{&quot;_animation&quot;:&quot;fadeIn&quot;}\" data-widget_type=\"houzez_elementor_section_title.default\">\n\t\t\t\t<div class=\"elementor-widget-container\">\n\t\t\t\t\t            <div class=\"houzez_section_title_wrap section-title-module\">\n                                    <h2 class=\"houzez_section_title\">Rencontrez notre \u00e9quipe<\/h2>\n                \n                                    <p class=\"houzez_section_subtitle\">Chez ADPM Real Estate, chaque membre de notre \u00e9quipe met son expertise et son engagement \u00e0 votre service pour vous accompagner \u00e0 chaque \u00e9tape de votre projet. Ensemble, nous construisons des solutions s\u00fbres, transparentes et adapt\u00e9es \u00e0 vos besoins.<\/p>\n                            <\/div>\n            \t\t\t\t<\/div>\n\t\t\t\t<\/div>\n\t\t\t\t<section class=\"elementor-section elementor-inner-section elementor-element elementor-element-6aa5335 elementor-section-boxed elementor-section-height-default elementor-section-height-default\" data-id=\"6aa5335\" data-element_type=\"section\">\n\t\t\t\t\t\t<div class=\"elementor-container elementor-column-gap-default\">\n\t\t\t\t\t<div class=\"elementor-column elementor-col-33 elementor-inner-column elementor-element elementor-element-26093be\" data-id=\"26093be\" data-element_type=\"column\">\n\t\t\t<div class=\"elementor-widget-wrap elementor-element-populated\">\n\t\t\t\t\t\t<div class=\"elementor-element elementor-element-ddb19fd elementor-widget elementor-widget-houzez_elementor_team_member\" data-id=\"ddb19fd\" data-element_type=\"widget\" data-widget_type=\"houzez_elementor_team_member.default\">\n\t\t\t\t<div class=\"elementor-widget-container\">\n\t\t\t\t\t\n            <div class=\"team-module hover-effect text-center\">\n\n                                \n                <img fetchpriority=\"high\" decoding=\"async\" width=\"1024\" height=\"1024\" src=\"https:\/\/adpmrealestate.com\/wp-content\/uploads\/2025\/12\/WhatsApp-Image-2025-11-06-at-10.53.09-1.jpeg\" class=\"img-fluid\" alt=\"\" srcset=\"https:\/\/adpmrealestate.com\/wp-content\/uploads\/2025\/12\/WhatsApp-Image-2025-11-06-at-10.53.09-1.jpeg 1024w, https:\/\/adpmrealestate.com\/wp-content\/uploads\/2025\/12\/WhatsApp-Image-2025-11-06-at-10.53.09-1-12x12.jpeg 12w, https:\/\/adpmrealestate.com\/wp-content\/uploads\/2025\/12\/WhatsApp-Image-2025-11-06-at-10.53.09-1-780x780.jpeg 780w\" sizes=\"(max-width: 1024px) 100vw, 1024px\" \/>\n                <!-- Team Content Before Hover -->\n                <div class=\"team-content-wrap team-content-wrap-before top-0 start-0 w-100 h-100\">\n                    <div class=\"team-content bottom-0 start-0 w-100 p-4\">\n                        <div class=\"team-name\">\n                            <strong>Jean-jacque Bekono<\/strong>\n                        <\/div><!-- team-name -->\n                        <div class=\"team-title\">\n                            Marketing Manager                        <\/div><!-- team-title -->\n                    <\/div><!-- team-content -->\n                <\/div><!-- team-content-wrap -->\n\n                <!-- Team Content After Hover -->\n                <div class=\"team-content-wrap team-content-wrap-after top-0 start-0 w-100 h-100\">\n                    <div class=\"team-content bottom-0 start-0 w-100 p-4\">\n                        <div class=\"team-name\">\n                            <strong>Jean-jacque Bekono<\/strong>\n                        <\/div><!-- team-name -->\n                        <div class=\"team-title\">\n                            Marketing Manager                        <\/div><!-- team-title -->\n                        <div class=\"team-description my-3\">\n                            <p>Expert en communication digitale, Jean-Jacques valorise chaque bien et optimise notre visibilit\u00e9 pour attirer les bons acheteurs.<\/p>                        <\/div><!-- team-description -->\n\n                                                    <div class=\"team-social-wrap\">\n                                <ul class=\"team-social list-unstyled list-inline p-0 m-0\">\n                                    <li class=\"list-inline-item\">\n                        <a target=\"_self\" href=\"#\" class=\"btn-facebook\">\n                            <i class=\"houzez-icon icon-social-media-facebook\"><\/i>\n                        <\/a>\n                    <\/li><li class=\"list-inline-item\">\n                        <a target=\"\" href=\"#\" class=\"btn-twitter\">\n                            <i class=\"houzez-icon icon-x-logo-twitter-logo-2\"><\/i>\n                        <\/a>\n                    <\/li><li class=\"list-inline-item\">\n                        <a target=\"\" href=\"#\" class=\"btn-linkedin\">\n                            <i class=\"houzez-icon icon-professional-network-linkedin\"><\/i>\n                        <\/a>\n                    <\/li><li class=\"list-inline-item\">\n                        <a target=\"\" href=\"#\" class=\"btn-pinterest\">\n                            <i class=\"houzez-icon icon-social-pinterest\"><\/i>\n                        <\/a>\n                    <\/li>                                <\/ul>\n                            <\/div><!-- team-social-wrap -->    \n                            \n                    <\/div><!-- team-content -->\n                <\/div><!-- team-content-wrap -->\n\n            <\/div><!-- team-module -->\n\n            \t\t\t\t<\/div>\n\t\t\t\t<\/div>\n\t\t\t\t\t<\/div>\n\t\t<\/div>\n\t\t\t\t<div class=\"elementor-column elementor-col-33 elementor-inner-column elementor-element elementor-element-55180fa\" data-id=\"55180fa\" data-element_type=\"column\">\n\t\t\t<div class=\"elementor-widget-wrap elementor-element-populated\">\n\t\t\t\t\t\t<div class=\"elementor-element elementor-element-4cd35ca elementor-widget elementor-widget-houzez_elementor_team_member\" data-id=\"4cd35ca\" data-element_type=\"widget\" data-widget_type=\"houzez_elementor_team_member.default\">\n\t\t\t\t<div class=\"elementor-widget-container\">\n\t\t\t\t\t\n            <div class=\"team-module hover-effect text-center\">\n\n                                \n                <img decoding=\"async\" width=\"1024\" height=\"1024\" src=\"https:\/\/adpmrealestate.com\/wp-content\/uploads\/2025\/12\/WhatsApp-Image-2025-11-06-at-10.54.36.jpeg\" class=\"img-fluid\" alt=\"\" srcset=\"https:\/\/adpmrealestate.com\/wp-content\/uploads\/2025\/12\/WhatsApp-Image-2025-11-06-at-10.54.36.jpeg 1024w, https:\/\/adpmrealestate.com\/wp-content\/uploads\/2025\/12\/WhatsApp-Image-2025-11-06-at-10.54.36-12x12.jpeg 12w, https:\/\/adpmrealestate.com\/wp-content\/uploads\/2025\/12\/WhatsApp-Image-2025-11-06-at-10.54.36-780x780.jpeg 780w\" sizes=\"(max-width: 1024px) 100vw, 1024px\" \/>\n                <!-- Team Content Before Hover -->\n                <div class=\"team-content-wrap team-content-wrap-before top-0 start-0 w-100 h-100\">\n                    <div class=\"team-content bottom-0 start-0 w-100 p-4\">\n                        <div class=\"team-name\">\n                            <strong>Gabriel Eyete<\/strong>\n                        <\/div><!-- team-name -->\n                        <div class=\"team-title\">\n                            CEO                        <\/div><!-- team-title -->\n                    <\/div><!-- team-content -->\n                <\/div><!-- team-content-wrap -->\n\n                <!-- Team Content After Hover -->\n                <div class=\"team-content-wrap team-content-wrap-after top-0 start-0 w-100 h-100\">\n                    <div class=\"team-content bottom-0 start-0 w-100 p-4\">\n                        <div class=\"team-name\">\n                            <strong>Gabriel Eyete<\/strong>\n                        <\/div><!-- team-name -->\n                        <div class=\"team-title\">\n                            CEO                        <\/div><!-- team-title -->\n                        <div class=\"team-description my-3\">\n                            <p>Visionnaire et sp\u00e9cialiste de l\u2019immobilier, Gabriel dirige ADPM Real Estate avec rigueur et engagement pour garantir un service fiable et transparent.<\/p>                        <\/div><!-- team-description -->\n\n                                                    <div class=\"team-social-wrap\">\n                                <ul class=\"team-social list-unstyled list-inline p-0 m-0\">\n                                    <li class=\"list-inline-item\">\n                        <a target=\"_self\" href=\"#\" class=\"btn-facebook\">\n                            <i class=\"houzez-icon icon-social-media-facebook\"><\/i>\n                        <\/a>\n                    <\/li><li class=\"list-inline-item\">\n                        <a target=\"\" href=\"#\" class=\"btn-twitter\">\n                            <i class=\"houzez-icon icon-x-logo-twitter-logo-2\"><\/i>\n                        <\/a>\n                    <\/li><li class=\"list-inline-item\">\n                        <a target=\"\" href=\"#\" class=\"btn-linkedin\">\n                            <i class=\"houzez-icon icon-professional-network-linkedin\"><\/i>\n                        <\/a>\n                    <\/li><li class=\"list-inline-item\">\n                        <a target=\"\" href=\"#\" class=\"btn-pinterest\">\n                            <i class=\"houzez-icon icon-social-pinterest\"><\/i>\n                        <\/a>\n                    <\/li>                                <\/ul>\n                            <\/div><!-- team-social-wrap -->    \n                            \n                    <\/div><!-- team-content -->\n                <\/div><!-- team-content-wrap -->\n\n            <\/div><!-- team-module -->\n\n            \t\t\t\t<\/div>\n\t\t\t\t<\/div>\n\t\t\t\t\t<\/div>\n\t\t<\/div>\n\t\t\t\t<div class=\"elementor-column elementor-col-33 elementor-inner-column elementor-element elementor-element-63679f4\" data-id=\"63679f4\" data-element_type=\"column\">\n\t\t\t<div class=\"elementor-widget-wrap elementor-element-populated\">\n\t\t\t\t\t\t<div class=\"elementor-element elementor-element-61dcf4d elementor-widget elementor-widget-houzez_elementor_team_member\" data-id=\"61dcf4d\" data-element_type=\"widget\" data-widget_type=\"houzez_elementor_team_member.default\">\n\t\t\t\t<div class=\"elementor-widget-container\">\n\t\t\t\t\t\n            <div class=\"team-module hover-effect text-center\">\n\n                                \n                <img decoding=\"async\" width=\"1024\" height=\"1024\" src=\"https:\/\/adpmrealestate.com\/wp-content\/uploads\/2025\/12\/WhatsApp-Image-2025-11-06-at-10.53.09.jpeg\" class=\"img-fluid\" alt=\"\" srcset=\"https:\/\/adpmrealestate.com\/wp-content\/uploads\/2025\/12\/WhatsApp-Image-2025-11-06-at-10.53.09.jpeg 1024w, https:\/\/adpmrealestate.com\/wp-content\/uploads\/2025\/12\/WhatsApp-Image-2025-11-06-at-10.53.09-12x12.jpeg 12w, https:\/\/adpmrealestate.com\/wp-content\/uploads\/2025\/12\/WhatsApp-Image-2025-11-06-at-10.53.09-780x780.jpeg 780w\" sizes=\"(max-width: 1024px) 100vw, 1024px\" \/>\n                <!-- Team Content Before Hover -->\n                <div class=\"team-content-wrap team-content-wrap-before top-0 start-0 w-100 h-100\">\n                    <div class=\"team-content bottom-0 start-0 w-100 p-4\">\n                        <div class=\"team-name\">\n                            <strong>Latifa<\/strong>\n                        <\/div><!-- team-name -->\n                        <div class=\"team-title\">\n                            Directrice                        <\/div><!-- team-title -->\n                    <\/div><!-- team-content -->\n                <\/div><!-- team-content-wrap -->\n\n                <!-- Team Content After Hover -->\n                <div class=\"team-content-wrap team-content-wrap-after top-0 start-0 w-100 h-100\">\n                    <div class=\"team-content bottom-0 start-0 w-100 p-4\">\n                        <div class=\"team-name\">\n                            <strong>Latifa<\/strong>\n                        <\/div><!-- team-name -->\n                        <div class=\"team-title\">\n                            Directrice                        <\/div><!-- team-title -->\n                        <div class=\"team-description my-3\">\n                            <p>Organis\u00e9e et \u00e0 l\u2019\u00e9coute, Latifa coordonne les op\u00e9rations et accompagne nos clients tout au long de leur d\u00e9marche immobili\u00e8re.<\/p>                        <\/div><!-- team-description -->\n\n                                                    <div class=\"team-social-wrap\">\n                                <ul class=\"team-social list-unstyled list-inline p-0 m-0\">\n                                    <li class=\"list-inline-item\">\n                        <a target=\"_self\" href=\"#\" class=\"btn-facebook\">\n                            <i class=\"houzez-icon icon-social-media-facebook\"><\/i>\n                        <\/a>\n                    <\/li><li class=\"list-inline-item\">\n                        <a target=\"\" href=\"#\" class=\"btn-twitter\">\n                            <i class=\"houzez-icon icon-x-logo-twitter-logo-2\"><\/i>\n                        <\/a>\n                    <\/li><li class=\"list-inline-item\">\n                        <a target=\"\" href=\"#\" class=\"btn-linkedin\">\n                            <i class=\"houzez-icon icon-professional-network-linkedin\"><\/i>\n                        <\/a>\n                    <\/li><li class=\"list-inline-item\">\n                        <a target=\"\" href=\"#\" class=\"btn-pinterest\">\n                            <i class=\"houzez-icon icon-social-pinterest\"><\/i>\n                        <\/a>\n                    <\/li>                                <\/ul>\n                            <\/div><!-- team-social-wrap -->    \n                            \n                    <\/div><!-- team-content -->\n                <\/div><!-- team-content-wrap -->\n\n            <\/div><!-- team-module -->\n\n            \t\t\t\t<\/div>\n\t\t\t\t<\/div>\n\t\t\t\t\t<\/div>\n\t\t<\/div>\n\t\t\t\t\t<\/div>\n\t\t<\/section>\n\t\t\t\t<div class=\"elementor-element elementor-element-b59559d elementor-widget elementor-widget-spacer\" data-id=\"b59559d\" data-element_type=\"widget\" data-widget_type=\"spacer.default\">\n\t\t\t\t\t\t\t<div class=\"elementor-spacer\">\n\t\t\t<div class=\"elementor-spacer-inner\"><\/div>\n\t\t<\/div>\n\t\t\t\t\t\t<\/div>\n\t\t\t\t\t<\/div>\n\t\t<\/div>\n\t\t\t\t\t<\/div>\n\t\t<\/section>\n\t\t\t\t<\/div>","protected":false},"excerpt":{"rendered":"<p>About Us Building the nation begins with building your own home. ADPM Real Estate is a forward-thinking real estate agency based in Cameroon, specializing in property management, real estate transactions, and supporting the African diaspora. With a modern and user-friendly platform, we offer a smooth and professional experience for property owners, buyers, tenants, and investors. [&hellip;]<\/p>","protected":false},"author":1,"featured_media":0,"parent":0,"menu_order":0,"comment_status":"closed","ping_status":"closed","template":"template\/template-homepage.php","meta":{"content-type":"","footnotes":""},"class_list":["post-16650","page","type-page","status-publish","hentry"],"_hostinger_reach_plugin_has_subscription_block":false,"_hostinger_reach_plugin_is_elementor":false,"_links":{"self":[{"href":"https:\/\/adpmrealestate.com\/fr\/wp-json\/wp\/v2\/pages\/16650","targetHints":{"allow":["GET"]}}],"collection":[{"href":"https:\/\/adpmrealestate.com\/fr\/wp-json\/wp\/v2\/pages"}],"about":[{"href":"https:\/\/adpmrealestate.com\/fr\/wp-json\/wp\/v2\/types\/page"}],"author":[{"embeddable":true,"href":"https:\/\/adpmrealestate.com\/fr\/wp-json\/wp\/v2\/users\/1"}],"replies":[{"embeddable":true,"href":"https:\/\/adpmrealestate.com\/fr\/wp-json\/wp\/v2\/comments?post=16650"}],"version-history":[{"count":43,"href":"https:\/\/adpmrealestate.com\/fr\/wp-json\/wp\/v2\/pages\/16650\/revisions"}],"predecessor-version":[{"id":18700,"href":"https:\/\/adpmrealestate.com\/fr\/wp-json\/wp\/v2\/pages\/16650\/revisions\/18700"}],"wp:attachment":[{"href":"https:\/\/adpmrealestate.com\/fr\/wp-json\/wp\/v2\/media?parent=16650"}],"curies":[{"name":"wp","href":"https:\/\/api.w.org\/{rel}","templated":true}]}}